{"id":70,"date":"2019-04-21T12:38:01","date_gmt":"2019-04-21T12:38:01","guid":{"rendered":"https:\/\/myckleby.se\/allmagsgarden\/?page_id=70"},"modified":"2026-03-05T19:23:32","modified_gmt":"2026-03-05T19:23:32","slug":"orust-myckleby-midsommar-bakluckeloppis-visafton","status":"publish","type":"page","link":"https:\/\/myckleby.se\/allmagsgarden\/","title":{"rendered":"Nyheter p\u00e5 Allmagsg\u00e5rden"},"content":{"rendered":"\r\n<h1 role=\"none\">\u00a0<\/h1>\r\n<p>Den 28 februari hade vi \u00e5rsm\u00f6te i f\u00f6reningen, trevlig uppslutning och god fika. I styrelsen hade vi tv\u00e5 personer som l\u00e4mnade oss och tv\u00e5 nya styrelsemedlemmar v\u00e4lkomnades.<\/p>\r\n<p>Vi kommer inom det n\u00e4rmaste att s\u00e4tta oss och planera f\u00f6r kommande \u00e5r. Har du n\u00e5gon id\u00e9 f\u00f6r aktivitet s\u00e5 \u00e4r du v\u00e4lkommen med f\u00f6rslag.<\/p>\r\n<p>Vill du vara medlem i Myckleby bygdeg\u00e5rdsf\u00f6rening s\u00e5 \u00e4r det inte f\u00f6r sent att betala in medlemsavgiften. Kika in under fliken medlem i s\u00e5 fall f\u00f6r mer info.<\/p>\r\n<div role=\"none\">\u00a0<\/div>\r\n<div role=\"none\">\u00a0<\/div>\r\n<div role=\"none\">\u00a0<\/div>\r\n<div role=\"none\">\u00a0<\/div>\r\n<div role=\"none\">\u00a0<\/div>\r\n<div class=\"html-div xe8uvvx xdj266r x11i5rnm xat24cr x1mh8g0r xexx8yu x4uap5 x18d9i69 xkhd6sd x78zum5 x1eb86dx\">\r\n<div class=\"html-div xe8uvvx xdj266r x11i5rnm xat24cr x1mh8g0r xexx8yu x4uap5 x18d9i69 xkhd6sd xeuugli x1vjfegm\">\r\n<div class=\"html-div xe8uvvx xdj266r x11i5rnm xat24cr x1mh8g0r xexx8yu x4uap5 x18d9i69 xkhd6sd x78zum5 xh8yej3\" role=\"presentation\">\r\n<div class=\"x1cy8zhl x78zum5 xdt5ytf x193iq5w x1n2onr6 x1kxipp6\">\r\n<div class=\"x78zum5 xh8yej3\" role=\"none\">\r\n<div role=\"presentation\">\r\n<p><em>Allmagsg\u00e5rden hyr ut lokaler f\u00f6r fest, kalas och sammantr\u00e4den. Lokalerna \u00e4r v\u00e4l utrustade och hyrs ut per timma, dag, helg eller l\u00e4ngre.<\/em><\/p>\r\n<\/div>\r\n<\/div>\r\n<\/div>\r\n<\/div>\r\n<\/div>\r\n<\/div>\r\n<p style=\"text-align: left;\"><em>V\u00e5rat syfte att fr\u00e4mja och utveckla ett levande n\u00e4romr\u00e5de.<\/em><\/p>\r\n<p style=\"text-align: center;\">\u00a0<\/p>\r\n\r\n\r\n","protected":false},"excerpt":{"rendered":"<p>\u00a0 Den 28 februari hade vi \u00e5rsm\u00f6te i f\u00f6reningen, trevlig uppslutning och god fika. I styrelsen hade vi tv\u00e5 personer som l\u00e4mnade oss och tv\u00e5 nya styrelsemedlemmar v\u00e4lkomnades. Vi kommer inom det n\u00e4rmaste att s\u00e4tta oss och planera f\u00f6r kommande \u00e5r. Har du n\u00e5gon id\u00e9 f\u00f6r aktivitet s\u00e5 \u00e4r du v\u00e4lkommen med f\u00f6rslag. Vill du &hellip; <a href=\"https:\/\/myckleby.se\/allmagsgarden\/\" class=\"more-link\">Forts\u00e4tt l\u00e4sa <span class=\"screen-reader-text\">Nyheter p\u00e5 Allmagsg\u00e5rden<\/span><\/a><\/p>\n","protected":false},"author":2,"featured_media":0,"parent":0,"menu_order":0,"comment_status":"closed","ping_status":"closed","template":"","meta":{"footnotes":""},"class_list":["post-70","page","type-page","status-publish","hentry"],"yoast_head":"<!-- This site is optimized with the Yoast SEO plugin v27.4 - https:\/\/yoast.com\/product\/yoast-seo-wordpress\/ -->\n<title>Nyheter p\u00e5 Allmagsg\u00e5rden - Allmagsg\u00e5rden<\/title>\n<meta name=\"robots\" content=\"index, follow, max-snippet:-1, max-image-preview:large, max-video-preview:-1\" \/>\n<link rel=\"canonical\" href=\"https:\/\/myckleby.se\/allmagsgarden\/\" \/>\n<meta property=\"og:locale\" content=\"sv_SE\" \/>\n<meta property=\"og:type\" content=\"article\" \/>\n<meta property=\"og:title\" content=\"Nyheter p\u00e5 Allmagsg\u00e5rden - Allmagsg\u00e5rden\" \/>\n<meta property=\"og:description\" content=\"\u00a0 Den 28 februari hade vi \u00e5rsm\u00f6te i f\u00f6reningen, trevlig uppslutning och god fika. I styrelsen hade vi tv\u00e5 personer som l\u00e4mnade oss och tv\u00e5 nya styrelsemedlemmar v\u00e4lkomnades. Vi kommer inom det n\u00e4rmaste att s\u00e4tta oss och planera f\u00f6r kommande \u00e5r. Har du n\u00e5gon id\u00e9 f\u00f6r aktivitet s\u00e5 \u00e4r du v\u00e4lkommen med f\u00f6rslag. Vill du &hellip; Forts\u00e4tt l\u00e4sa Nyheter p\u00e5 Allmagsg\u00e5rden\" \/>\n<meta property=\"og:url\" content=\"https:\/\/myckleby.se\/allmagsgarden\/\" \/>\n<meta property=\"og:site_name\" content=\"Allmagsg\u00e5rden\" \/>\n<meta property=\"article:publisher\" content=\"https:\/\/www.facebook.com\/profile.php?id=100080294674322\" \/>\n<meta property=\"article:modified_time\" content=\"2026-03-05T19:23:32+00:00\" \/>\n<meta name=\"twitter:card\" content=\"summary_large_image\" \/>\n<meta name=\"twitter:label1\" content=\"Ber\u00e4knad l\u00e4stid\" \/>\n\t<meta name=\"twitter:data1\" content=\"1 minut\" \/>\n<script type=\"application\/ld+json\" class=\"yoast-schema-graph\">{\"@context\":\"https:\\\/\\\/schema.org\",\"@graph\":[{\"@type\":\"WebPage\",\"@id\":\"https:\\\/\\\/myckleby.se\\\/allmagsgarden\\\/\",\"url\":\"https:\\\/\\\/myckleby.se\\\/allmagsgarden\\\/\",\"name\":\"Nyheter p\u00e5 Allmagsg\u00e5rden - Allmagsg\u00e5rden\",\"isPartOf\":{\"@id\":\"https:\\\/\\\/myckleby.se\\\/allmagsgarden\\\/#website\"},\"datePublished\":\"2019-04-21T12:38:01+00:00\",\"dateModified\":\"2026-03-05T19:23:32+00:00\",\"breadcrumb\":{\"@id\":\"https:\\\/\\\/myckleby.se\\\/allmagsgarden\\\/#breadcrumb\"},\"inLanguage\":\"sv-SE\",\"potentialAction\":[{\"@type\":\"ReadAction\",\"target\":[\"https:\\\/\\\/myckleby.se\\\/allmagsgarden\\\/\"]}]},{\"@type\":\"BreadcrumbList\",\"@id\":\"https:\\\/\\\/myckleby.se\\\/allmagsgarden\\\/#breadcrumb\",\"itemListElement\":[{\"@type\":\"ListItem\",\"position\":1,\"name\":\"Hem\",\"item\":\"https:\\\/\\\/myckleby.se\\\/allmagsgarden\\\/\"},{\"@type\":\"ListItem\",\"position\":2,\"name\":\"Nyheter p\u00e5 Allmagsg\u00e5rden\"}]},{\"@type\":\"WebSite\",\"@id\":\"https:\\\/\\\/myckleby.se\\\/allmagsgarden\\\/#website\",\"url\":\"https:\\\/\\\/myckleby.se\\\/allmagsgarden\\\/\",\"name\":\"Allmagsg\u00e5rden\",\"description\":\"En naturlig samlingsplats\",\"publisher\":{\"@id\":\"https:\\\/\\\/myckleby.se\\\/allmagsgarden\\\/#organization\"},\"potentialAction\":[{\"@type\":\"SearchAction\",\"target\":{\"@type\":\"EntryPoint\",\"urlTemplate\":\"https:\\\/\\\/myckleby.se\\\/allmagsgarden\\\/?s={search_term_string}\"},\"query-input\":{\"@type\":\"PropertyValueSpecification\",\"valueRequired\":true,\"valueName\":\"search_term_string\"}}],\"inLanguage\":\"sv-SE\"},{\"@type\":\"Organization\",\"@id\":\"https:\\\/\\\/myckleby.se\\\/allmagsgarden\\\/#organization\",\"name\":\"Allmagsg\u00e5rden\",\"url\":\"https:\\\/\\\/myckleby.se\\\/allmagsgarden\\\/\",\"logo\":{\"@type\":\"ImageObject\",\"inLanguage\":\"sv-SE\",\"@id\":\"https:\\\/\\\/myckleby.se\\\/allmagsgarden\\\/#\\\/schema\\\/logo\\\/image\\\/\",\"url\":\"https:\\\/\\\/myckleby.se\\\/allmagsgarden\\\/wp-content\\\/uploads\\\/2018\\\/10\\\/cropped-A7EF68E6-FC1F-40A1-8C2D-EFCFF46E96B4.jpeg\",\"contentUrl\":\"https:\\\/\\\/myckleby.se\\\/allmagsgarden\\\/wp-content\\\/uploads\\\/2018\\\/10\\\/cropped-A7EF68E6-FC1F-40A1-8C2D-EFCFF46E96B4.jpeg\",\"width\":512,\"height\":512,\"caption\":\"Allmagsg\u00e5rden\"},\"image\":{\"@id\":\"https:\\\/\\\/myckleby.se\\\/allmagsgarden\\\/#\\\/schema\\\/logo\\\/image\\\/\"},\"sameAs\":[\"https:\\\/\\\/www.facebook.com\\\/profile.php?id=100080294674322\"]}]}<\/script>\n<!-- \/ Yoast SEO plugin. -->","yoast_head_json":{"title":"Nyheter p\u00e5 Allmagsg\u00e5rden - Allmagsg\u00e5rden","robots":{"index":"index","follow":"follow","max-snippet":"max-snippet:-1","max-image-preview":"max-image-preview:large","max-video-preview":"max-video-preview:-1"},"canonical":"https:\/\/myckleby.se\/allmagsgarden\/","og_locale":"sv_SE","og_type":"article","og_title":"Nyheter p\u00e5 Allmagsg\u00e5rden - Allmagsg\u00e5rden","og_description":"\u00a0 Den 28 februari hade vi \u00e5rsm\u00f6te i f\u00f6reningen, trevlig uppslutning och god fika. I styrelsen hade vi tv\u00e5 personer som l\u00e4mnade oss och tv\u00e5 nya styrelsemedlemmar v\u00e4lkomnades. Vi kommer inom det n\u00e4rmaste att s\u00e4tta oss och planera f\u00f6r kommande \u00e5r. Har du n\u00e5gon id\u00e9 f\u00f6r aktivitet s\u00e5 \u00e4r du v\u00e4lkommen med f\u00f6rslag. Vill du &hellip; Forts\u00e4tt l\u00e4sa Nyheter p\u00e5 Allmagsg\u00e5rden","og_url":"https:\/\/myckleby.se\/allmagsgarden\/","og_site_name":"Allmagsg\u00e5rden","article_publisher":"https:\/\/www.facebook.com\/profile.php?id=100080294674322","article_modified_time":"2026-03-05T19:23:32+00:00","twitter_card":"summary_large_image","twitter_misc":{"Ber\u00e4knad l\u00e4stid":"1 minut"},"schema":{"@context":"https:\/\/schema.org","@graph":[{"@type":"WebPage","@id":"https:\/\/myckleby.se\/allmagsgarden\/","url":"https:\/\/myckleby.se\/allmagsgarden\/","name":"Nyheter p\u00e5 Allmagsg\u00e5rden - Allmagsg\u00e5rden","isPartOf":{"@id":"https:\/\/myckleby.se\/allmagsgarden\/#website"},"datePublished":"2019-04-21T12:38:01+00:00","dateModified":"2026-03-05T19:23:32+00:00","breadcrumb":{"@id":"https:\/\/myckleby.se\/allmagsgarden\/#breadcrumb"},"inLanguage":"sv-SE","potentialAction":[{"@type":"ReadAction","target":["https:\/\/myckleby.se\/allmagsgarden\/"]}]},{"@type":"BreadcrumbList","@id":"https:\/\/myckleby.se\/allmagsgarden\/#breadcrumb","itemListElement":[{"@type":"ListItem","position":1,"name":"Hem","item":"https:\/\/myckleby.se\/allmagsgarden\/"},{"@type":"ListItem","position":2,"name":"Nyheter p\u00e5 Allmagsg\u00e5rden"}]},{"@type":"WebSite","@id":"https:\/\/myckleby.se\/allmagsgarden\/#website","url":"https:\/\/myckleby.se\/allmagsgarden\/","name":"Allmagsg\u00e5rden","description":"En naturlig samlingsplats","publisher":{"@id":"https:\/\/myckleby.se\/allmagsgarden\/#organization"},"potentialAction":[{"@type":"SearchAction","target":{"@type":"EntryPoint","urlTemplate":"https:\/\/myckleby.se\/allmagsgarden\/?s={search_term_string}"},"query-input":{"@type":"PropertyValueSpecification","valueRequired":true,"valueName":"search_term_string"}}],"inLanguage":"sv-SE"},{"@type":"Organization","@id":"https:\/\/myckleby.se\/allmagsgarden\/#organization","name":"Allmagsg\u00e5rden","url":"https:\/\/myckleby.se\/allmagsgarden\/","logo":{"@type":"ImageObject","inLanguage":"sv-SE","@id":"https:\/\/myckleby.se\/allmagsgarden\/#\/schema\/logo\/image\/","url":"https:\/\/myckleby.se\/allmagsgarden\/wp-content\/uploads\/2018\/10\/cropped-A7EF68E6-FC1F-40A1-8C2D-EFCFF46E96B4.jpeg","contentUrl":"https:\/\/myckleby.se\/allmagsgarden\/wp-content\/uploads\/2018\/10\/cropped-A7EF68E6-FC1F-40A1-8C2D-EFCFF46E96B4.jpeg","width":512,"height":512,"caption":"Allmagsg\u00e5rden"},"image":{"@id":"https:\/\/myckleby.se\/allmagsgarden\/#\/schema\/logo\/image\/"},"sameAs":["https:\/\/www.facebook.com\/profile.php?id=100080294674322"]}]}},"_links":{"self":[{"href":"https:\/\/myckleby.se\/allmagsgarden\/wp-json\/wp\/v2\/pages\/70","targetHints":{"allow":["GET"]}}],"collection":[{"href":"https:\/\/myckleby.se\/allmagsgarden\/wp-json\/wp\/v2\/pages"}],"about":[{"href":"https:\/\/myckleby.se\/allmagsgarden\/wp-json\/wp\/v2\/types\/page"}],"author":[{"embeddable":true,"href":"https:\/\/myckleby.se\/allmagsgarden\/wp-json\/wp\/v2\/users\/2"}],"replies":[{"embeddable":true,"href":"https:\/\/myckleby.se\/allmagsgarden\/wp-json\/wp\/v2\/comments?post=70"}],"version-history":[{"count":65,"href":"https:\/\/myckleby.se\/allmagsgarden\/wp-json\/wp\/v2\/pages\/70\/revisions"}],"predecessor-version":[{"id":554,"href":"https:\/\/myckleby.se\/allmagsgarden\/wp-json\/wp\/v2\/pages\/70\/revisions\/554"}],"wp:attachment":[{"href":"https:\/\/myckleby.se\/allmagsgarden\/wp-json\/wp\/v2\/media?parent=70"}],"curies":[{"name":"wp","href":"https:\/\/api.w.org\/{rel}","templated":true}]}}